{"id":2538,"date":"2020-10-20T11:26:16","date_gmt":"2020-10-20T11:26:16","guid":{"rendered":"http:\/\/tradeguard.nl\/?page_id=2538"},"modified":"2020-12-09T11:34:54","modified_gmt":"2020-12-09T11:34:54","slug":"home","status":"publish","type":"page","link":"https:\/\/tradeguard.nl\/fr\/","title":{"rendered":"Home"},"content":{"rendered":"<div id='layer_slider_1'  class='avia-layerslider main_color avia-shadow  avia-builder-el-0  el_before_av_three_fourth  avia-builder-el-first  container_wrap sidebar_right' style='  height: 471px;' ><\/div><div id='after_layer_slider_1'  class='main_color av_default_container_wrap container_wrap sidebar_right' style=' '  ><div class='container' ><div class='template-page content  av-content-small alpha units'><div class='post-entry post-entry-type-page post-entry-2538'><div class='entry-content-wrapper clearfix'>\n<div class=\"flex_column av_three_fourth  flex_column_div first  avia-builder-el-1  el_after_av_layerslider  el_before_av_layerslider  avia-builder-el-no-sibling  \" ><section class=\"av_textblock_section \"  itemscope=\"itemscope\" itemtype=\"https:\/\/schema.org\/CreativeWork\" ><div class='avia_textblock  '   itemprop=\"text\" ><h3><span style=\"color: #cd5f27;\">Experts en Rotation Retail <\/span><\/h3>\n<p>Trade Guard est la soci\u00e9t\u00e9 sp\u00e9cialis\u00e9e dans le domaine de la rotation du commerce de d\u00e9tail, la\u00a0 \u00ab\u00a0Rotation Retail\u00a0\u00bb. Chaque jour, nos experts se concentrent sur la croissance des volumes de vente. Nous mettons notre cr\u00e9ativit\u00e9 et notre inventivit\u00e9 au service des circuits de distribution propres au secteur du commerce non alimentaire. En bref, nous faisons appel \u00e0 des circuits nouveaux et existants pour \u00e9largir le march\u00e9 pour nos clients.<\/p>\n<\/div><\/section><\/div>\n<\/div><\/div><\/div><!-- close content main div --><\/div><\/div><div id='layer_slider_2'  class='avia-layerslider main_color avia-shadow  avia-builder-el-3  el_after_av_three_fourth  el_before_av_three_fourth  slider-not-first container_wrap sidebar_right' style='  height: 471px;' ><\/div><div id='after_layer_slider_2'  class='main_color av_default_container_wrap container_wrap sidebar_right' style=' '  ><div class='container' ><div class='template-page content  av-content-small alpha units'><div class='post-entry post-entry-type-page post-entry-2538'><div class='entry-content-wrapper clearfix'>\n<div class=\"flex_column av_three_fourth  flex_column_div first  avia-builder-el-4  el_after_av_layerslider  el_before_av_layerslider  avia-builder-el-no-sibling  \" ><section class=\"av_textblock_section \"  itemscope=\"itemscope\" itemtype=\"https:\/\/schema.org\/CreativeWork\" ><div class='avia_textblock  '   itemprop=\"text\" ><p><span style=\"color: #cd5f27;\"><strong>SP\u00c9CIALIT\u00c9<\/strong><br \/>\n<\/span><\/p>\n<h3><span style=\"color: #cd5f27;\">\u00abLa connaissance par l&rsquo;exp\u00e9rience\u00bb<\/span><\/h3>\n<p>La mission de Trade Guard est d\u2019aider nos clients \u00e0 augmenter leur volume d\u2019affaires. En outre, nous vous offrons une transparence sur les exp\u00e9ditions en dotant chaque livraison d&rsquo;un syst\u00e8me de suivi et de tra\u00e7abilit\u00e9, le \u00ab\u00a0Track &amp; Trace \u00bb. Ces donn\u00e9es constituent le fondement d&rsquo;une planification et d&rsquo;un contr\u00f4le fiables.<\/p>\n<\/div><\/section><\/div>\n<\/div><\/div><\/div><!-- close content main div --><\/div><\/div><div id='layer_slider_3'  class='avia-layerslider main_color avia-shadow  avia-builder-el-6  el_after_av_three_fourth  el_before_av_three_fourth  slider-not-first container_wrap sidebar_right' style='  height: 471px;' ><\/div><div id='after_layer_slider_3'  class='main_color av_default_container_wrap container_wrap sidebar_right' style=' '  ><div class='container' ><div class='template-page content  av-content-small alpha units'><div class='post-entry post-entry-type-page post-entry-2538'><div class='entry-content-wrapper clearfix'>\n<div class=\"flex_column av_three_fourth  flex_column_div first  avia-builder-el-7  el_after_av_layerslider  el_before_av_layerslider  avia-builder-el-no-sibling  \" ><section class=\"av_textblock_section \"  itemscope=\"itemscope\" itemtype=\"https:\/\/schema.org\/CreativeWork\" ><div class='avia_textblock  '   itemprop=\"text\" ><p><span style=\"color: #cd5f27;\"><strong>L&rsquo; \u00c9QUIPE<br \/>\n<\/strong><\/span><\/p>\n<h3><span style=\"color: #cd5f27;\">\u00abUne \u00e9quipe, une vision\u00bb<br \/>\n<\/span><\/h3>\n<p>Notre \u00e9quipe est compos\u00e9e d&rsquo;entrepreneurs motiv\u00e9s capables de traduire avec enthousiasme leurs nouvelles id\u00e9es et leur connaissance du march\u00e9 en concepts innovants. Nous sommes pr\u00eats \u00e0 vous prouver que l\u2019horizon est \u00e9tonnamment plus vaste que vous ne le pensez. Pour en savoir plus, appelez-nous ou envoyez-nous un courriel.<\/p>\n<\/div><\/section><\/div>\n<\/div><\/div><\/div><!-- close content main div --><\/div><\/div><div id='layer_slider_4'  class='avia-layerslider main_color avia-shadow  avia-builder-el-9  el_after_av_three_fourth  el_before_av_three_fourth  slider-not-first container_wrap sidebar_right' style='  height: 471px;' ><\/div><div id='after_layer_slider_4'  class='main_color av_default_container_wrap container_wrap sidebar_right' style=' '  ><div class='container' ><div class='template-page content  av-content-small alpha units'><div class='post-entry post-entry-type-page post-entry-2538'><div class='entry-content-wrapper clearfix'>\n<div class=\"flex_column av_three_fourth  flex_column_div first  avia-builder-el-10  el_after_av_layerslider  el_before_av_layerslider  avia-builder-el-no-sibling  \" ><section class=\"av_textblock_section \"  itemscope=\"itemscope\" itemtype=\"https:\/\/schema.org\/CreativeWork\" ><div class='avia_textblock  '   itemprop=\"text\" ><p><span style=\"color: #cd5f27;\"><strong>OBJECTIFS <\/strong><\/span><\/p>\n<h3><span style=\"color: #cd5f27;\">\u00abAvancer constamment\u00bb<\/span><\/h3>\n<p>Ayant en permanence les yeux riv\u00e9s sur le march\u00e9 du commerce Non Food Retail, nous constatons que les acteurs de ce march\u00e9 sont en constante \u00e9volution. C\u2019est pr\u00e9cis\u00e9ment l\u00e0 que Trade Guard intervient, en contribuant \u00e0 cette professionnalisation. Notre objectif estde faire intervenir de nouveaux d\u00e9taillants avec leur potentiel. Nous analysons aussi les \u00e9ventuelles lignes existantes et nous v\u00e9rifions si elles ont \u00e9t\u00e9 pleinement exploit\u00e9es.<\/p>\n<\/div><\/section><\/div>\n<\/div><\/div><\/div><!-- close content main div --><\/div><\/div><div id='layer_slider_5'  class='avia-layerslider main_color avia-shadow  avia-builder-el-12  el_after_av_three_fourth  el_before_av_three_fourth  slider-not-first container_wrap sidebar_right' style='  height: 471px;' ><\/div><div id='after_layer_slider_5'  class='main_color av_default_container_wrap container_wrap sidebar_right' style=' '  ><div class='container' ><div class='template-page content  av-content-small alpha units'><div class='post-entry post-entry-type-page post-entry-2538'><div class='entry-content-wrapper clearfix'>\n<div class=\"flex_column av_three_fourth  flex_column_div first  avia-builder-el-13  el_after_av_layerslider  el_before_av_layerslider  avia-builder-el-no-sibling  \" ><section class=\"av_textblock_section \"  itemscope=\"itemscope\" itemtype=\"https:\/\/schema.org\/CreativeWork\" ><div class='avia_textblock  '   itemprop=\"text\" ><p><span style=\"color: #cd5f27;\"><strong>SERVICE<\/strong><\/span><\/p>\n<h3><span style=\"color: #cd5f27;\">\u00abDe l&rsquo;action \u00e0 la r\u00e9action\u00bb<\/span><\/h3>\n<p>La croissance des volumes d\u2019affaires pose deux exigences. Avant tout, nous voulons que les multinationales de la confiserie utilisent (continuent d&rsquo;utiliser) pleinement leurs circuits de vente habituels, tout en examinant les possibilit\u00e9s dans les circuits de vente au d\u00e9tail moins courants. Il est donc tr\u00e8s important pour nous de mettre en place de nouveaux canaux de vente sans perturber les canaux existants. Trade Guard r\u00e9pond \u00e0 la tendance humaine \u00e0 acheter sur un coup de t\u00eate.<\/p>\n<p>Comme toute entit\u00e9 \u00e0 vocation commerciale, vous devez avoir la volont\u00e9 et la capacit\u00e9 d\u2019op\u00e9rer en fonction des tendances et des \u00e9volutions du march\u00e9. Vous devez \u00e0 tout moment savoir o\u00f9 en sont vos volumes, vos marges et la mani\u00e8re dont \u00e9volue le taux de rotation. Chez Trade Guard, nous travaillons avec un syst\u00e8me de planification des ressources de l&rsquo;entreprise (ERP) qui peut r\u00e9cup\u00e9rer toutes les donn\u00e9es pertinentes en temps r\u00e9el. Le progiciel ERP pr\u00e9voit bien entendu un module personnalis\u00e9 permettant d\u2019enregistrer toutes les donn\u00e9es relatives \u00e0 l\u2019achat et \u00e0 la vente de lots, r\u00e9guliers ou ponctuels.<\/p>\n<\/div><\/section><\/div>\n<\/div><\/div><\/div><!-- close content main div --><\/div><\/div><div id='layer_slider_6'  class='avia-layerslider main_color avia-shadow  avia-builder-el-15  el_after_av_three_fourth  el_before_av_three_fourth  slider-not-first container_wrap sidebar_right' style='  height: 471px;' ><\/div><div id='after_layer_slider_6'  class='main_color av_default_container_wrap container_wrap sidebar_right' style=' '  ><div class='container' ><div class='template-page content  av-content-small alpha units'><div class='post-entry post-entry-type-page post-entry-2538'><div class='entry-content-wrapper clearfix'>\n<div class=\"flex_column av_three_fourth  flex_column_div first  avia-builder-el-16  el_after_av_layerslider  el_before_av_contact  avia-builder-el-first  \" ><section class=\"av_textblock_section \"  itemscope=\"itemscope\" itemtype=\"https:\/\/schema.org\/CreativeWork\" ><div class='avia_textblock  '   itemprop=\"text\" ><h3><span style=\"color: #cd5f27;\">Trade Guard BV<\/span><\/h3>\n<p>De Ruif 1\u00a0 | \u00a04751 XH Oud Gastel \u00a0| \u00a0The Netherlands<\/p>\n<p><span style=\"color: #e47110;\">T<\/span>\u00a0<a href=\"tel:0031 (0) 165-315-555\"> +31 165 315 555<\/a>\u00a0|\u00a0<span style=\"color: #e47110;\"> F<\/span>\u00a0+31 165 315 155<\/p>\n<p><span style=\"color: #e47110;\">E<\/span> <a href=\"mailto:info@tradeguard.nl\">info@tradeguard.nl<\/a><\/p>\n<\/div><\/section><\/div>\n<form action=\"https:\/\/tradeguard.nl\/fr\/\" method=\"post\"  class=\"avia_ajax_form av-form-labels-visible   avia-builder-el-18  el_after_av_three_fourth  avia-builder-el-last   \" data-avia-form-id=\"1\" data-avia-redirect='' ><fieldset><p class='  first_form  form_element form_fullwidth' id='element_avia_1_1'><label for=\"avia_1_1\">Name <abbr class=\"required\" title=\"requis\">*<\/abbr><\/label> <input name=\"avia_1_1\" class=\"text_input is_empty\" type=\"text\" id=\"avia_1_1\" value=\"\" \/><\/p><p class='  first_form  form_element form_fullwidth' id='element_avia_2_1'><label for=\"avia_2_1\">E-Mail <abbr class=\"required\" title=\"requis\">*<\/abbr><\/label> <input name=\"avia_2_1\" class=\"text_input is_email\" type=\"text\" id=\"avia_2_1\" value=\"\" \/><\/p><p class='  first_form  form_element form_fullwidth' id='element_avia_3_1'><label for=\"avia_3_1\">Subject <abbr class=\"required\" title=\"requis\">*<\/abbr><\/label> <input name=\"avia_3_1\" class=\"text_input is_empty\" type=\"text\" id=\"avia_3_1\" value=\"\" \/><\/p><p class='  first_form  form_element form_fullwidth av-last-visible-form-element' id='element_avia_4_1'><label for=\"avia_4_1\" class=\"textare_label hidden textare_label_avia_4_1\">Message <abbr class=\"required\" title=\"requis\">*<\/abbr><\/label><textarea  name=\"avia_4_1\" class=\"text_area is_empty\" cols=\"40\" rows=\"7\" id=\"avia_4_1\" ><\/textarea><\/p><p class=\"hidden\"><input type=\"text\" name=\"avia_5_1\" class=\"hidden \" id=\"avia_5_1\" value=\"\" \/><\/p><p class=\"form_element \"><input type=\"hidden\" value=\"1\" name=\"avia_generated_form1\" \/><input type=\"submit\" value=\"Submit\" class=\"button\"  data-sending-label=\"Envoi\"\/><\/p><\/fieldset><\/form><div id=\"ajaxresponse_1\" class=\"ajaxresponse ajaxresponse_1 hidden\"><\/div>\n","protected":false},"excerpt":{"rendered":"","protected":false},"author":5,"featured_media":0,"parent":0,"menu_order":0,"comment_status":"closed","ping_status":"closed","template":"","meta":[],"_links":{"self":[{"href":"https:\/\/tradeguard.nl\/fr\/wp-json\/wp\/v2\/pages\/2538"}],"collection":[{"href":"https:\/\/tradeguard.nl\/fr\/wp-json\/wp\/v2\/pages"}],"about":[{"href":"https:\/\/tradeguard.nl\/fr\/wp-json\/wp\/v2\/types\/page"}],"author":[{"embeddable":true,"href":"https:\/\/tradeguard.nl\/fr\/wp-json\/wp\/v2\/users\/5"}],"replies":[{"embeddable":true,"href":"https:\/\/tradeguard.nl\/fr\/wp-json\/wp\/v2\/comments?post=2538"}],"version-history":[{"count":16,"href":"https:\/\/tradeguard.nl\/fr\/wp-json\/wp\/v2\/pages\/2538\/revisions"}],"predecessor-version":[{"id":2847,"href":"https:\/\/tradeguard.nl\/fr\/wp-json\/wp\/v2\/pages\/2538\/revisions\/2847"}],"wp:attachment":[{"href":"https:\/\/tradeguard.nl\/fr\/wp-json\/wp\/v2\/media?parent=2538"}],"curies":[{"name":"wp","href":"https:\/\/api.w.org\/{rel}","templated":true}]}}