{"id":2500,"date":"2013-12-11T17:22:47","date_gmt":"2013-12-11T17:22:47","guid":{"rendered":"http:\/\/tradeguard.nl\/?page_id=2500"},"modified":"2020-12-09T14:55:15","modified_gmt":"2020-12-09T14:55:15","slug":"lequipe","status":"publish","type":"page","link":"https:\/\/tradeguard.nl\/fr\/lequipe\/","title":{"rendered":"L\u2019\u00e9quipe"},"content":{"rendered":"<div id='layer_slider_1'  class='avia-layerslider main_color avia-shadow  avia-builder-el-0  el_before_av_three_fourth  avia-builder-el-first  container_wrap sidebar_right' style='  height: 471px;' ><\/div><div id='after_layer_slider_1'  class='main_color av_default_container_wrap container_wrap sidebar_right' style=' '  ><div class='container' ><div class='template-page content  av-content-small alpha units'><div class='post-entry post-entry-type-page post-entry-2500'><div class='entry-content-wrapper clearfix'>\n<div class=\"flex_column av_three_fourth  flex_column_div first  avia-builder-el-1  el_after_av_layerslider  avia-builder-el-no-sibling  \" ><section class=\"av_textblock_section \"  itemscope=\"itemscope\" itemtype=\"https:\/\/schema.org\/CreativeWork\" ><div class='avia_textblock  '   itemprop=\"text\" ><h3><span style=\"color: #cd5f27;\">Exp\u00e9rience et vision <\/span><\/h3>\n<p>Notre \u00e9quipe est compos\u00e9e d&rsquo;entrepreneurs motiv\u00e9s capables de traduire avec enthousiasme leurs nouvelles id\u00e9es et leur connaissance du march\u00e9 en concepts innovants. Nous sommes pr\u00eats \u00e0 vous prouver que l\u2019horizon est \u00e9tonnamment plus vaste que vous ne le pensez. Pour en savoir plus, appelez-nous ou envoyez-nous un courriel.<\/p>\n<\/div><\/section><\/div>\n","protected":false},"excerpt":{"rendered":"","protected":false},"author":5,"featured_media":0,"parent":0,"menu_order":0,"comment_status":"closed","ping_status":"closed","template":"","meta":[],"_links":{"self":[{"href":"https:\/\/tradeguard.nl\/fr\/wp-json\/wp\/v2\/pages\/2500"}],"collection":[{"href":"https:\/\/tradeguard.nl\/fr\/wp-json\/wp\/v2\/pages"}],"about":[{"href":"https:\/\/tradeguard.nl\/fr\/wp-json\/wp\/v2\/types\/page"}],"author":[{"embeddable":true,"href":"https:\/\/tradeguard.nl\/fr\/wp-json\/wp\/v2\/users\/5"}],"replies":[{"embeddable":true,"href":"https:\/\/tradeguard.nl\/fr\/wp-json\/wp\/v2\/comments?post=2500"}],"version-history":[{"count":6,"href":"https:\/\/tradeguard.nl\/fr\/wp-json\/wp\/v2\/pages\/2500\/revisions"}],"predecessor-version":[{"id":2840,"href":"https:\/\/tradeguard.nl\/fr\/wp-json\/wp\/v2\/pages\/2500\/revisions\/2840"}],"wp:attachment":[{"href":"https:\/\/tradeguard.nl\/fr\/wp-json\/wp\/v2\/media?parent=2500"}],"curies":[{"name":"wp","href":"https:\/\/api.w.org\/{rel}","templated":true}]}}