{"id":2494,"date":"2013-12-11T17:18:52","date_gmt":"2013-12-11T17:18:52","guid":{"rendered":"http:\/\/tradeguard.nl\/?page_id=2494"},"modified":"2020-12-09T14:56:09","modified_gmt":"2020-12-09T14:56:09","slug":"objectifs","status":"publish","type":"page","link":"https:\/\/tradeguard.nl\/fr\/objectifs\/","title":{"rendered":"Objectifs"},"content":{"rendered":"<div id='layer_slider_1'  class='avia-layerslider main_color avia-shadow  avia-builder-el-0  el_before_av_three_fourth  avia-builder-el-first  container_wrap sidebar_right' style='  height: 471px;' ><\/div><div id='after_layer_slider_1'  class='main_color av_default_container_wrap container_wrap sidebar_right' style=' '  ><div class='container' ><div class='template-page content  av-content-small alpha units'><div class='post-entry post-entry-type-page post-entry-2494'><div class='entry-content-wrapper clearfix'>\n<div class=\"flex_column av_three_fourth  flex_column_div first  avia-builder-el-1  el_after_av_layerslider  avia-builder-el-no-sibling  \" ><section class=\"av_textblock_section \"  itemscope=\"itemscope\" itemtype=\"https:\/\/schema.org\/CreativeWork\" ><div class='avia_textblock  '   itemprop=\"text\" ><h3><span style=\"color: #cd5f27;\">Amener les d\u00e9taillants \u00e0 augmenter les volumes d\u2019affaires de nos clients.<\/span><\/h3>\n<p>Ayant en permanence les yeux riv\u00e9s sur le march\u00e9 du commerce Non Food Retail, nous constatons que les acteurs de ce march\u00e9 sont en constante \u00e9volution. C\u2019est pr\u00e9cis\u00e9ment l\u00e0 que Trade Guard intervient, en contribuant \u00e0 cette professionnalisation. Notre objectif estde faire intervenir de nouveaux d\u00e9taillants avec leur potentiel. Nous analysons aussi les \u00e9ventuelles lignes existantes et nous v\u00e9rifions si elles ont \u00e9t\u00e9 pleinement exploit\u00e9es.<\/p>\n<\/div><\/section><\/div>\n","protected":false},"excerpt":{"rendered":"","protected":false},"author":5,"featured_media":0,"parent":0,"menu_order":0,"comment_status":"closed","ping_status":"closed","template":"","meta":[],"_links":{"self":[{"href":"https:\/\/tradeguard.nl\/fr\/wp-json\/wp\/v2\/pages\/2494"}],"collection":[{"href":"https:\/\/tradeguard.nl\/fr\/wp-json\/wp\/v2\/pages"}],"about":[{"href":"https:\/\/tradeguard.nl\/fr\/wp-json\/wp\/v2\/types\/page"}],"author":[{"embeddable":true,"href":"https:\/\/tradeguard.nl\/fr\/wp-json\/wp\/v2\/users\/5"}],"replies":[{"embeddable":true,"href":"https:\/\/tradeguard.nl\/fr\/wp-json\/wp\/v2\/comments?post=2494"}],"version-history":[{"count":3,"href":"https:\/\/tradeguard.nl\/fr\/wp-json\/wp\/v2\/pages\/2494\/revisions"}],"predecessor-version":[{"id":2845,"href":"https:\/\/tradeguard.nl\/fr\/wp-json\/wp\/v2\/pages\/2494\/revisions\/2845"}],"wp:attachment":[{"href":"https:\/\/tradeguard.nl\/fr\/wp-json\/wp\/v2\/media?parent=2494"}],"curies":[{"name":"wp","href":"https:\/\/api.w.org\/{rel}","templated":true}]}}