{"id":2489,"date":"2013-12-11T17:10:56","date_gmt":"2013-12-11T17:10:56","guid":{"rendered":"http:\/\/tradeguard.nl\/?page_id=2489"},"modified":"2020-12-09T14:56:55","modified_gmt":"2020-12-09T14:56:55","slug":"services","status":"publish","type":"page","link":"https:\/\/tradeguard.nl\/fr\/services\/","title":{"rendered":"Services"},"content":{"rendered":"<div id='layer_slider_1'  class='avia-layerslider main_color avia-shadow  avia-builder-el-0  el_before_av_three_fourth  avia-builder-el-first  container_wrap sidebar_right' style='  height: 471px;' ><\/div><div id='after_layer_slider_1'  class='main_color av_default_container_wrap container_wrap sidebar_right' style=' '  ><div class='container' ><div class='template-page content  av-content-small alpha units'><div class='post-entry post-entry-type-page post-entry-2489'><div class='entry-content-wrapper clearfix'>\n<div class=\"flex_column av_three_fourth  flex_column_div first  avia-builder-el-1  el_after_av_layerslider  avia-builder-el-no-sibling  \" ><section class=\"av_textblock_section \"  itemscope=\"itemscope\" itemtype=\"https:\/\/schema.org\/CreativeWork\" ><div class='avia_textblock  '   itemprop=\"text\" ><h3><span style=\"color: #cd5f27;\">TRADE GUARD\u00a0d\u00e9veloppe\u00a0un portail d\u2019informations \u00e0 jour pour les fournisseurs<\/span><\/h3>\n<p>La croissance des volumes d\u2019affaires pose deux exigences. Avant tout, nous voulons que les multinationales de la confiserie utilisent (continuent d&rsquo;utiliser) pleinement leurs circuits de vente habituels, tout en examinant les possibilit\u00e9s dans les circuits de vente au d\u00e9tail moins courants. Il est donc tr\u00e8s important pour nous de mettre en place de nouveaux canaux de vente sans perturber les canaux existants. Trade Guard r\u00e9pond \u00e0 la tendance humaine \u00e0 acheter sur un coup de t\u00eate.<\/p>\n<p>Comme toute entit\u00e9 \u00e0 vocation commerciale, vous devez avoir la volont\u00e9 et la capacit\u00e9 d\u2019op\u00e9rer en fonction des tendances et des \u00e9volutions du march\u00e9. Vous devez \u00e0 tout moment savoir o\u00f9 en sont vos volumes, vos marges et la mani\u00e8re dont \u00e9volue le taux de rotation. Chez Trade Guard, nous travaillons avec un syst\u00e8me de planification des ressources de l&rsquo;entreprise (ERP) qui peut r\u00e9cup\u00e9rer toutes les donn\u00e9es pertinentes en temps r\u00e9el. Le progiciel ERP pr\u00e9voit bien entendu un module personnalis\u00e9 permettant d\u2019enregistrer toutes les donn\u00e9es relatives \u00e0 l\u2019achat et \u00e0 la vente de lots, r\u00e9guliers ou ponctuels.<\/p>\n<\/div><\/section><\/div>\n","protected":false},"excerpt":{"rendered":"","protected":false},"author":5,"featured_media":0,"parent":0,"menu_order":0,"comment_status":"closed","ping_status":"closed","template":"","meta":[],"_links":{"self":[{"href":"https:\/\/tradeguard.nl\/fr\/wp-json\/wp\/v2\/pages\/2489"}],"collection":[{"href":"https:\/\/tradeguard.nl\/fr\/wp-json\/wp\/v2\/pages"}],"about":[{"href":"https:\/\/tradeguard.nl\/fr\/wp-json\/wp\/v2\/types\/page"}],"author":[{"embeddable":true,"href":"https:\/\/tradeguard.nl\/fr\/wp-json\/wp\/v2\/users\/5"}],"replies":[{"embeddable":true,"href":"https:\/\/tradeguard.nl\/fr\/wp-json\/wp\/v2\/comments?post=2489"}],"version-history":[{"count":3,"href":"https:\/\/tradeguard.nl\/fr\/wp-json\/wp\/v2\/pages\/2489\/revisions"}],"predecessor-version":[{"id":2848,"href":"https:\/\/tradeguard.nl\/fr\/wp-json\/wp\/v2\/pages\/2489\/revisions\/2848"}],"wp:attachment":[{"href":"https:\/\/tradeguard.nl\/fr\/wp-json\/wp\/v2\/media?parent=2489"}],"curies":[{"name":"wp","href":"https:\/\/api.w.org\/{rel}","templated":true}]}}