{"id":2482,"date":"2013-12-11T17:03:46","date_gmt":"2013-12-11T17:03:46","guid":{"rendered":"http:\/\/tradeguard.nl\/?page_id=2482"},"modified":"2020-12-09T14:55:34","modified_gmt":"2020-12-09T14:55:34","slug":"specialite","status":"publish","type":"page","link":"https:\/\/tradeguard.nl\/fr\/specialite\/","title":{"rendered":"Sp\u00e9cialit\u00e9"},"content":{"rendered":"<div id='layer_slider_1'  class='avia-layerslider main_color avia-shadow  avia-builder-el-0  el_before_av_three_fourth  avia-builder-el-first  container_wrap sidebar_right' style='  height: 471px;' ><\/div><div id='after_layer_slider_1'  class='main_color av_default_container_wrap container_wrap sidebar_right' style=' '  ><div class='container' ><div class='template-page content  av-content-small alpha units'><div class='post-entry post-entry-type-page post-entry-2482'><div class='entry-content-wrapper clearfix'>\n<div class=\"flex_column av_three_fourth  flex_column_div first  avia-builder-el-1  el_after_av_layerslider  avia-builder-el-no-sibling  \" ><section class=\"av_textblock_section \"  itemscope=\"itemscope\" itemtype=\"https:\/\/schema.org\/CreativeWork\" ><div class='avia_textblock  '   itemprop=\"text\" ><h3><span style=\"color: #cd5f27;\">TRADE GUARD est le partenaire de confiance en Rotation Retail<\/span><\/h3>\n<p>La mission de Trade Guard est d\u2019aider nos clients \u00e0 augmenter leur volume d\u2019affaires. En outre, nous vous offrons une transparence sur les exp\u00e9ditions en dotant chaque livraison d&rsquo;un syst\u00e8me de suivi et de tra\u00e7abilit\u00e9, le \u00ab\u00a0Track &amp; Trace \u00bb. Ces donn\u00e9es constituent le fondement d&rsquo;une planification et d&rsquo;un contr\u00f4le fiables.<\/p>\n<\/div><\/section><\/div>\n","protected":false},"excerpt":{"rendered":"","protected":false},"author":5,"featured_media":0,"parent":0,"menu_order":0,"comment_status":"closed","ping_status":"closed","template":"","meta":[],"_links":{"self":[{"href":"https:\/\/tradeguard.nl\/fr\/wp-json\/wp\/v2\/pages\/2482"}],"collection":[{"href":"https:\/\/tradeguard.nl\/fr\/wp-json\/wp\/v2\/pages"}],"about":[{"href":"https:\/\/tradeguard.nl\/fr\/wp-json\/wp\/v2\/types\/page"}],"author":[{"embeddable":true,"href":"https:\/\/tradeguard.nl\/fr\/wp-json\/wp\/v2\/users\/5"}],"replies":[{"embeddable":true,"href":"https:\/\/tradeguard.nl\/fr\/wp-json\/wp\/v2\/comments?post=2482"}],"version-history":[{"count":5,"href":"https:\/\/tradeguard.nl\/fr\/wp-json\/wp\/v2\/pages\/2482\/revisions"}],"predecessor-version":[{"id":2842,"href":"https:\/\/tradeguard.nl\/fr\/wp-json\/wp\/v2\/pages\/2482\/revisions\/2842"}],"wp:attachment":[{"href":"https:\/\/tradeguard.nl\/fr\/wp-json\/wp\/v2\/media?parent=2482"}],"curies":[{"name":"wp","href":"https:\/\/api.w.org\/{rel}","templated":true}]}}