{"id":2543,"date":"2013-12-11T18:01:20","date_gmt":"2013-12-11T18:01:20","guid":{"rendered":"http:\/\/tradeguard.nl\/?page_id=2543"},"modified":"2020-12-09T11:43:59","modified_gmt":"2020-12-09T11:43:59","slug":"home","status":"publish","type":"page","link":"https:\/\/tradeguard.nl\/de\/","title":{"rendered":"Home"},"content":{"rendered":"<div id='layer_slider_1'  class='avia-layerslider main_color avia-shadow  avia-builder-el-0  el_before_av_three_fourth  avia-builder-el-first  container_wrap sidebar_right' style='  height: 471px;' ><\/div><div id='after_layer_slider_1'  class='main_color av_default_container_wrap container_wrap sidebar_right' style=' '  ><div class='container' ><div class='template-page content  av-content-small alpha units'><div class='post-entry post-entry-type-page post-entry-2543'><div class='entry-content-wrapper clearfix'>\n<div class=\"flex_column av_three_fourth  flex_column_div first  avia-builder-el-1  el_after_av_layerslider  el_before_av_layerslider  avia-builder-el-no-sibling  \" ><section class=\"av_textblock_section \"  itemscope=\"itemscope\" itemtype=\"https:\/\/schema.org\/CreativeWork\" ><div class='avia_textblock  '   itemprop=\"text\" ><h3><span style=\"color: #cd5f27;\">Experten f\u00fcr Einzelhandelsrotation <\/span><\/h3>\n<p>Trade Guard ist das f\u00fchrende Unternehmen im Bereich Einzelhandelsrotation. Tagt\u00e4glich setzen sich unsere Experten f\u00fcr die Steigerung der Umsatzvolumen ein. Wir nutzen unsere Kreativit\u00e4t und unseren Erfindungsreichtum, um Non-Food-Einzelhandelskan\u00e4le anzusprechen. Kurzum: Wir wenden uns an neue und bestehende Kan\u00e4le, um den Markt f\u00fcr unsere Kunden zu erweitern.<\/p>\n<\/div><\/section><\/div>\n<\/div><\/div><\/div><!-- close content main div --><\/div><\/div><div id='layer_slider_2'  class='avia-layerslider main_color avia-shadow  avia-builder-el-3  el_after_av_three_fourth  el_before_av_three_fourth  slider-not-first container_wrap sidebar_right' style='  height: 471px;' ><\/div><div id='after_layer_slider_2'  class='main_color av_default_container_wrap container_wrap sidebar_right' style=' '  ><div class='container' ><div class='template-page content  av-content-small alpha units'><div class='post-entry post-entry-type-page post-entry-2543'><div class='entry-content-wrapper clearfix'>\n<div class=\"flex_column av_three_fourth  flex_column_div first  avia-builder-el-4  el_after_av_layerslider  el_before_av_layerslider  avia-builder-el-no-sibling  \" ><section class=\"av_textblock_section \"  itemscope=\"itemscope\" itemtype=\"https:\/\/schema.org\/CreativeWork\" ><div class='avia_textblock  '   itemprop=\"text\" ><p><span style=\"color: #cd5f27;\"><b>FOKUS<\/b><\/span><\/p>\n<h3><span style=\"color: #cd5f27;\">\u201eWissen durch Erfahrung&#8220;<\/span><\/h3>\n<p>Bei Trade Guard konzentrieren wir uns darauf, die Verkaufsvolumen \/ Absatzm\u00e4rkte unserer Kunden zu vergr\u00f6\u00dfern. Dabei bieten wir unseren Kunden Transparenz hinsichtlich ihrer Sendungen, indem wir jede Lieferung mit einem System zur Sendungsverfolgung (Track\u00a0&amp;\u00a0Trace) ausstatten. Diese Daten bilden die Grundlage f\u00fcr eine zuverl\u00e4ssige Planung und Kontrolle.<\/p>\n<\/div><\/section><\/div>\n<\/div><\/div><\/div><!-- close content main div --><\/div><\/div><div id='layer_slider_3'  class='avia-layerslider main_color avia-shadow  avia-builder-el-6  el_after_av_three_fourth  el_before_av_three_fourth  slider-not-first container_wrap sidebar_right' style='  height: 471px;' ><\/div><div id='after_layer_slider_3'  class='main_color av_default_container_wrap container_wrap sidebar_right' style=' '  ><div class='container' ><div class='template-page content  av-content-small alpha units'><div class='post-entry post-entry-type-page post-entry-2543'><div class='entry-content-wrapper clearfix'>\n<div class=\"flex_column av_three_fourth  flex_column_div first  avia-builder-el-7  el_after_av_layerslider  el_before_av_layerslider  avia-builder-el-no-sibling  \" ><section class=\"av_textblock_section \"  itemscope=\"itemscope\" itemtype=\"https:\/\/schema.org\/CreativeWork\" ><div class='avia_textblock  '   itemprop=\"text\" ><p><span style=\"color: #cd5f27;\"><strong>TEAM<\/strong><\/span><\/p>\n<h3><span style=\"color: #cd5f27;\">\u201e<\/span><span style=\"color: #cd5f27;\">Ein Team, eine Vision<\/span><span style=\"color: #cd5f27;\">\u201c<\/span><\/h3>\n<p>Unser Team besteht aus engagierten Unternehmern, die ihre frischen Ideen und Marktkenntnisse mit Begeisterung in innovative Konzepte umsetzen. Wir wollen Ihnen zeigen, dass die M\u00f6glichkeiten endlos sind. F\u00fcr weitere Informationen k\u00f6nnen Sie uns jederzeit telefonisch oder per E-Mail kontaktieren.<\/p>\n<\/div><\/section><\/div>\n<\/div><\/div><\/div><!-- close content main div --><\/div><\/div><div id='layer_slider_4'  class='avia-layerslider main_color avia-shadow  avia-builder-el-9  el_after_av_three_fourth  el_before_av_three_fourth  slider-not-first container_wrap sidebar_right' style='  height: 471px;' ><\/div><div id='after_layer_slider_4'  class='main_color av_default_container_wrap container_wrap sidebar_right' style=' '  ><div class='container' ><div class='template-page content  av-content-small alpha units'><div class='post-entry post-entry-type-page post-entry-2543'><div class='entry-content-wrapper clearfix'>\n<div class=\"flex_column av_three_fourth  flex_column_div first  avia-builder-el-10  el_after_av_layerslider  el_before_av_layerslider  avia-builder-el-no-sibling  \" ><section class=\"av_textblock_section \"  itemscope=\"itemscope\" itemtype=\"https:\/\/schema.org\/CreativeWork\" ><div class='avia_textblock  '   itemprop=\"text\" ><p><span style=\"color: #cd5f27;\"><span style=\"caret-color: #cd5f27;\"><b>ZIELE<\/b><\/span><\/span><\/p>\n<h3><span style=\"color: #cd5f27;\">\u201e<\/span><span style=\"color: #cd5f27;\">St\u00e4ndig vorw\u00e4rts<\/span><span style=\"color: #cd5f27;\">\u201c<\/span><\/h3>\n<p>Unser Schwerpunkt liegt auf dem Non-Food-Einzelhandelsmarkt. Wir erleben, dass sich die Akteure auf diesem Markt st\u00e4ndig ver\u00e4ndern und weiterentwickeln. Mit diesem Wissen erg\u00e4nzt und unterst\u00fctzt Trade Guard den Professionalisierungsprozess. Gemeinsam mit unseren Auftraggebern suchen wir nach neuen Einzelh\u00e4ndlern und deren Potenzial. Dabei analysieren wir, welche M\u00f6glichkeiten die bestehenden Vertriebskan\u00e4le bieten und ob diese voll ausgesch\u00f6pft wurden.<\/p>\n<\/div><\/section><\/div>\n<\/div><\/div><\/div><!-- close content main div --><\/div><\/div><div id='layer_slider_5'  class='avia-layerslider main_color avia-shadow  avia-builder-el-12  el_after_av_three_fourth  el_before_av_three_fourth  slider-not-first container_wrap sidebar_right' style='  height: 471px;' ><\/div><div id='after_layer_slider_5'  class='main_color av_default_container_wrap container_wrap sidebar_right' style=' '  ><div class='container' ><div class='template-page content  av-content-small alpha units'><div class='post-entry post-entry-type-page post-entry-2543'><div class='entry-content-wrapper clearfix'>\n<div class=\"flex_column av_three_fourth  flex_column_div first  avia-builder-el-13  el_after_av_layerslider  el_before_av_layerslider  avia-builder-el-no-sibling  \" ><section class=\"av_textblock_section \"  itemscope=\"itemscope\" itemtype=\"https:\/\/schema.org\/CreativeWork\" ><div class='avia_textblock  '   itemprop=\"text\" ><p><span style=\"color: #cd5f27;\"><span style=\"caret-color: #cd5f27;\"><b>DIENSTLEISTUNG\u00a0<\/b><\/span><\/span><\/p>\n<h3><span style=\"color: #cd5f27;\">\u201eVon der Aktion zur Reaktion\u201c<\/span><\/h3>\n<p>Unserer Ansicht nach sind zwei Aspekte wichtig, um Volumenzuw\u00e4chse zu erzielen. Zun\u00e4chst einmal wollen wir, dass die multinationalen S\u00fc\u00dfwarenkonzerne ihre regul\u00e4ren Absatzkan\u00e4le (weiterhin) voll nutzen, w\u00e4hrend wir in der Zwischenzeit die M\u00f6glichkeiten in den weniger verbreiteten Einzelhandelskan\u00e4len untersuchen. F\u00fcr uns ist es daher von gro\u00dfer Bedeutung, neue Absatzkan\u00e4le zu schaffen, ohne die bestehenden Kan\u00e4le zu st\u00f6ren. Trade Guard kommt der menschlichen Neigung entgegen, Impulsk\u00e4ufe zu t\u00e4tigen.<\/p>\n<p>Ein Handelsunternehmen muss stets auf dem Laufenden sein \u00fcber die Trends und Entwicklungen auf dem Markt. Dabei ist es wichtig, Volumen, Margen und Umschlagsh\u00e4ufigkeit im Auge zu behalten. Bei Trade Guard arbeiten wir mit einem Enterprise-Resource-Planning-System (ERP), das alle relevanten Daten in Echtzeit abrufen kann. Dar\u00fcber hinaus verf\u00fcgt unser ERP-System \u00fcber ein personalisiertes Modul, mit dem s\u00e4mtliche Daten in Bezug auf den Ein- und Verkauf von Regul\u00e4r- und Aktionswaren erfasst werden k\u00f6nnen.<\/p>\n<\/div><\/section><\/div>\n<\/div><\/div><\/div><!-- close content main div --><\/div><\/div><div id='layer_slider_6'  class='avia-layerslider main_color avia-shadow  avia-builder-el-15  el_after_av_three_fourth  el_before_av_three_fourth  slider-not-first container_wrap sidebar_right' style='  height: 471px;' ><\/div><div id='after_layer_slider_6'  class='main_color av_default_container_wrap container_wrap sidebar_right' style=' '  ><div class='container' ><div class='template-page content  av-content-small alpha units'><div class='post-entry post-entry-type-page post-entry-2543'><div class='entry-content-wrapper clearfix'>\n<div class=\"flex_column av_three_fourth  flex_column_div first  avia-builder-el-16  el_after_av_layerslider  el_before_av_contact  avia-builder-el-first  \" ><section class=\"av_textblock_section \"  itemscope=\"itemscope\" itemtype=\"https:\/\/schema.org\/CreativeWork\" ><div class='avia_textblock  '   itemprop=\"text\" ><h3><span style=\"color: #cd5f27;\">Trade Guard BV<\/span><\/h3>\n<p>De Ruif 1\u00a0 | \u00a04751 XH Oud Gastel \u00a0| \u00a0The Netherlands<\/p>\n<p><span style=\"color: #e47110;\">T<\/span>\u00a0<a href=\"tel:0031 (0) 165-315-555\"> +31 165 315 555<\/a>\u00a0|\u00a0<span style=\"color: #e47110;\"> F<\/span>\u00a0+31 165 315 155<\/p>\n<p><span style=\"color: #e47110;\">E<\/span> <a href=\"mailto:info@tradeguard.nl\">info@tradeguard.nl<\/a><\/p>\n<\/div><\/section><\/div>\n<form action=\"https:\/\/tradeguard.nl\/de\/\" method=\"post\"  class=\"avia_ajax_form av-form-labels-visible   avia-builder-el-18  el_after_av_three_fourth  avia-builder-el-last   \" data-avia-form-id=\"1\" data-avia-redirect='' ><fieldset><p class='  first_form  form_element form_fullwidth' id='element_avia_1_1'><label for=\"avia_1_1\">Name <abbr class=\"required\" title=\"ben\u00f6tigt\">*<\/abbr><\/label> <input name=\"avia_1_1\" class=\"text_input is_empty\" type=\"text\" id=\"avia_1_1\" value=\"\" \/><\/p><p class='  first_form  form_element form_fullwidth' id='element_avia_2_1'><label for=\"avia_2_1\">E-Mail <abbr class=\"required\" title=\"ben\u00f6tigt\">*<\/abbr><\/label> <input name=\"avia_2_1\" class=\"text_input is_email\" type=\"text\" id=\"avia_2_1\" value=\"\" \/><\/p><p class='  first_form  form_element form_fullwidth' id='element_avia_3_1'><label for=\"avia_3_1\">Subject <abbr class=\"required\" title=\"ben\u00f6tigt\">*<\/abbr><\/label> <input name=\"avia_3_1\" class=\"text_input is_empty\" type=\"text\" id=\"avia_3_1\" value=\"\" \/><\/p><p class='  first_form  form_element form_fullwidth av-last-visible-form-element' id='element_avia_4_1'><label for=\"avia_4_1\" class=\"textare_label hidden textare_label_avia_4_1\">Message <abbr class=\"required\" title=\"ben\u00f6tigt\">*<\/abbr><\/label><textarea  name=\"avia_4_1\" class=\"text_area is_empty\" cols=\"40\" rows=\"7\" id=\"avia_4_1\" ><\/textarea><\/p><p class=\"hidden\"><input type=\"text\" name=\"avia_5_1\" class=\"hidden \" id=\"avia_5_1\" value=\"\" \/><\/p><p class=\"form_element \"><input type=\"hidden\" value=\"1\" name=\"avia_generated_form1\" \/><input type=\"submit\" value=\"Submit\" class=\"button\"  data-sending-label=\"Sende\"\/><\/p><\/fieldset><\/form><div id=\"ajaxresponse_1\" class=\"ajaxresponse ajaxresponse_1 hidden\"><\/div>\n","protected":false},"excerpt":{"rendered":"","protected":false},"author":5,"featured_media":0,"parent":0,"menu_order":0,"comment_status":"closed","ping_status":"closed","template":"","meta":[],"_links":{"self":[{"href":"https:\/\/tradeguard.nl\/de\/wp-json\/wp\/v2\/pages\/2543"}],"collection":[{"href":"https:\/\/tradeguard.nl\/de\/wp-json\/wp\/v2\/pages"}],"about":[{"href":"https:\/\/tradeguard.nl\/de\/wp-json\/wp\/v2\/types\/page"}],"author":[{"embeddable":true,"href":"https:\/\/tradeguard.nl\/de\/wp-json\/wp\/v2\/users\/5"}],"replies":[{"embeddable":true,"href":"https:\/\/tradeguard.nl\/de\/wp-json\/wp\/v2\/comments?post=2543"}],"version-history":[{"count":15,"href":"https:\/\/tradeguard.nl\/de\/wp-json\/wp\/v2\/pages\/2543\/revisions"}],"predecessor-version":[{"id":2794,"href":"https:\/\/tradeguard.nl\/de\/wp-json\/wp\/v2\/pages\/2543\/revisions\/2794"}],"wp:attachment":[{"href":"https:\/\/tradeguard.nl\/de\/wp-json\/wp\/v2\/media?parent=2543"}],"curies":[{"name":"wp","href":"https:\/\/api.w.org\/{rel}","templated":true}]}}