{"id":2499,"date":"2013-12-11T17:25:09","date_gmt":"2013-12-11T17:25:09","guid":{"rendered":"http:\/\/tradeguard.nl\/?page_id=2499"},"modified":"2020-12-15T10:17:21","modified_gmt":"2020-12-15T10:17:21","slug":"team","status":"publish","type":"page","link":"https:\/\/tradeguard.nl\/de\/team\/","title":{"rendered":"Mannschaft"},"content":{"rendered":"<div id='layer_slider_1'  class='avia-layerslider main_color avia-shadow  avia-builder-el-0  el_before_av_three_fourth  avia-builder-el-first  container_wrap sidebar_right' style='  height: 471px;' ><\/div><div id='after_layer_slider_1'  class='main_color av_default_container_wrap container_wrap sidebar_right' style=' '  ><div class='container' ><div class='template-page content  av-content-small alpha units'><div class='post-entry post-entry-type-page post-entry-2499'><div class='entry-content-wrapper clearfix'>\n<div class=\"flex_column av_three_fourth  flex_column_div first  avia-builder-el-1  el_after_av_layerslider  avia-builder-el-no-sibling  \" ><section class=\"av_textblock_section \"  itemscope=\"itemscope\" itemtype=\"https:\/\/schema.org\/CreativeWork\" ><div class='avia_textblock  '   itemprop=\"text\" ><h3><span style=\"color: #cd5f27;\">Erfahrung und Vision<br \/>\n<\/span><\/h3>\n<p>Direkt danach kommen Erfahrung und fundierte Marktkenntnisse. Die Fachleute von Trade Guard sind Unternehmer, die ihre innovativen Ideen und langj\u00e4hrige Erfahrung m\u00fchelos in Konzepte umsetzen, aus denen Sie den Nutzen ziehen. Falls Sie mehr dar\u00fcber erfahren m\u00f6chten, rufen Sie uns doch bitte an oder schicken Sie uns eine E-Mail. Wir sind bereit, Ihnen zu beweisen, dass der Horizont \u00fcberraschend viel weiter ist, als Sie dachten.<\/p>\n<\/div><\/section><\/div>\n","protected":false},"excerpt":{"rendered":"","protected":false},"author":5,"featured_media":0,"parent":0,"menu_order":0,"comment_status":"closed","ping_status":"closed","template":"","meta":[],"_links":{"self":[{"href":"https:\/\/tradeguard.nl\/de\/wp-json\/wp\/v2\/pages\/2499"}],"collection":[{"href":"https:\/\/tradeguard.nl\/de\/wp-json\/wp\/v2\/pages"}],"about":[{"href":"https:\/\/tradeguard.nl\/de\/wp-json\/wp\/v2\/types\/page"}],"author":[{"embeddable":true,"href":"https:\/\/tradeguard.nl\/de\/wp-json\/wp\/v2\/users\/5"}],"replies":[{"embeddable":true,"href":"https:\/\/tradeguard.nl\/de\/wp-json\/wp\/v2\/comments?post=2499"}],"version-history":[{"count":6,"href":"https:\/\/tradeguard.nl\/de\/wp-json\/wp\/v2\/pages\/2499\/revisions"}],"predecessor-version":[{"id":2859,"href":"https:\/\/tradeguard.nl\/de\/wp-json\/wp\/v2\/pages\/2499\/revisions\/2859"}],"wp:attachment":[{"href":"https:\/\/tradeguard.nl\/de\/wp-json\/wp\/v2\/media?parent=2499"}],"curies":[{"name":"wp","href":"https:\/\/api.w.org\/{rel}","templated":true}]}}