{"id":2493,"date":"2013-12-11T17:18:49","date_gmt":"2013-12-11T17:18:49","guid":{"rendered":"http:\/\/tradeguard.nl\/?page_id=2493"},"modified":"2020-12-15T10:17:09","modified_gmt":"2020-12-15T10:17:09","slug":"targets","status":"publish","type":"page","link":"https:\/\/tradeguard.nl\/de\/targets\/","title":{"rendered":"Ziele"},"content":{"rendered":"<div id='layer_slider_1'  class='avia-layerslider main_color avia-shadow  avia-builder-el-0  el_before_av_three_fourth  avia-builder-el-first  container_wrap sidebar_right' style='  height: 471px;' ><\/div><div id='after_layer_slider_1'  class='main_color av_default_container_wrap container_wrap sidebar_right' style=' '  ><div class='container' ><div class='template-page content  av-content-small alpha units'><div class='post-entry post-entry-type-page post-entry-2493'><div class='entry-content-wrapper clearfix'>\n<div class=\"flex_column av_three_fourth  flex_column_div first  avia-builder-el-1  el_after_av_layerslider  avia-builder-el-no-sibling  \" ><section class=\"av_textblock_section \"  itemscope=\"itemscope\" itemtype=\"https:\/\/schema.org\/CreativeWork\" ><div class='avia_textblock  '   itemprop=\"text\" ><h3><span style=\"color: #cd5f27;\">Einzelh\u00e4ndler zur Erh\u00f6hung des Vertriebsvolumens<br \/>\nunserer Auftraggeber einsetzen <\/span><\/h3>\n<p>Wir halten den Non Food Retailmarkt st\u00e4ndig im Visier. Wir stellen fest, dass die Spieler auf diesem Markt ihre Leistungen st\u00e4ndig verbessern. Genau an dieser Stelle beweist Trade Guard seine St\u00e4rke: wir tragen zur Professionalisierung bei. Unser Fokus ist ganz klar: wir m\u00f6chten mehr Einzelh\u00e4ndler im Non Food Retail Markt zur Erh\u00f6hung des Vertriebsvolumens unserer Auftraggeber einsetzen. Selbstverst\u00e4ndlich stimmen wir mit unserem Auftraggeber ab, ob sein Portfolio zu einem neuen Retailer passt. Und wir analysieren die bereits bestehenden Vertriebsstr\u00f6me. Wir wollen n\u00e4mlich absolut den Kannibalisierungseffekt vermeiden und v\u00f6llig offen dar\u00fcber kommunizieren, welche M\u00f6glichkeiten sinnvoll sind und welche nicht.<\/p>\n<\/div><\/section><\/div>\n","protected":false},"excerpt":{"rendered":"","protected":false},"author":5,"featured_media":0,"parent":0,"menu_order":0,"comment_status":"closed","ping_status":"closed","template":"","meta":[],"_links":{"self":[{"href":"https:\/\/tradeguard.nl\/de\/wp-json\/wp\/v2\/pages\/2493"}],"collection":[{"href":"https:\/\/tradeguard.nl\/de\/wp-json\/wp\/v2\/pages"}],"about":[{"href":"https:\/\/tradeguard.nl\/de\/wp-json\/wp\/v2\/types\/page"}],"author":[{"embeddable":true,"href":"https:\/\/tradeguard.nl\/de\/wp-json\/wp\/v2\/users\/5"}],"replies":[{"embeddable":true,"href":"https:\/\/tradeguard.nl\/de\/wp-json\/wp\/v2\/comments?post=2493"}],"version-history":[{"count":4,"href":"https:\/\/tradeguard.nl\/de\/wp-json\/wp\/v2\/pages\/2493\/revisions"}],"predecessor-version":[{"id":2857,"href":"https:\/\/tradeguard.nl\/de\/wp-json\/wp\/v2\/pages\/2493\/revisions\/2857"}],"wp:attachment":[{"href":"https:\/\/tradeguard.nl\/de\/wp-json\/wp\/v2\/media?parent=2493"}],"curies":[{"name":"wp","href":"https:\/\/api.w.org\/{rel}","templated":true}]}}