{"id":2491,"date":"2013-12-11T17:12:05","date_gmt":"2013-12-11T17:12:05","guid":{"rendered":"http:\/\/tradeguard.nl\/?page_id=2491"},"modified":"2020-12-15T10:16:54","modified_gmt":"2020-12-15T10:16:54","slug":"service","status":"publish","type":"page","link":"https:\/\/tradeguard.nl\/de\/service\/","title":{"rendered":"Dienstleistung"},"content":{"rendered":"<div id='layer_slider_1'  class='avia-layerslider main_color avia-shadow  avia-builder-el-0  el_before_av_three_fourth  avia-builder-el-first  container_wrap sidebar_right' style='  height: 471px;' ><\/div><div id='after_layer_slider_1'  class='main_color av_default_container_wrap container_wrap sidebar_right' style=' '  ><div class='container' ><div class='template-page content  av-content-small alpha units'><div class='post-entry post-entry-type-page post-entry-2491'><div class='entry-content-wrapper clearfix'>\n<div class=\"flex_column av_three_fourth  flex_column_div first  avia-builder-el-1  el_after_av_layerslider  avia-builder-el-no-sibling  \" ><section class=\"av_textblock_section \"  itemscope=\"itemscope\" itemtype=\"https:\/\/schema.org\/CreativeWork\" ><div class='avia_textblock  '   itemprop=\"text\" ><h3><span style=\"color: #cd5f27;\">TRADE GUARD\u00a0entwickelt ein online Supplier-Portal f\u00fcr aktuelle Updates<\/span><\/h3>\n<p>Die Mission von Trade Guard ist ganz klar: wir m\u00f6chten Ihr Vertriebsvolumen erh\u00f6hen. Dieses Interesse teilen wir mit Ihnen. Darum teilen wir auch die aktuellen Daten dar\u00fcber, was, wo und wann geliefert wurde. Mit diesen Daten wird eine zuverl\u00e4ssige Planung und Kontrolle m\u00f6glich.<\/p>\n<p>Selbstverst\u00e4ndlich kann jede Lieferung mit Track &amp; Trace verfolgt werden. T&amp;T kann auch bei einem Recall angewendet werden.<\/p>\n<h3><span style=\"color: #cd5f27;\">Kontrolle dank aktuellen Informationen <\/span><\/h3>\n<p>Als Handelsunternehmen m\u00f6chten und m\u00fcssen Sie so zeitnah wie m\u00f6glich operieren k\u00f6nnen. Sie m\u00fcssen rund um die Uhr wissen, welche Volumen im Umlauf sind, wie hoch die Margen sind, wie sich die Umlaufgeschwindigkeit entwickelt. In unserem ERP-System k\u00f6nnen alle Mitarbeiter weltweit Real-Time Daten abholen. Damit wir die Vertriebsstr\u00f6me effizient gestalten und falls n\u00f6tig korrigieren k\u00f6nnen. Selbstverst\u00e4ndlich enth\u00e4lt das ERP-System ein auf den Kunden zugeschnittenes Modul, mit dem alle Ein- und Verkaufsdaten regul\u00e4rer Posten und Sonderangebote im NFR-Kanal m\u00fchelos registriert werden k\u00f6nnen.<\/p>\n<\/div><\/section><\/div>\n","protected":false},"excerpt":{"rendered":"","protected":false},"author":5,"featured_media":0,"parent":0,"menu_order":0,"comment_status":"closed","ping_status":"closed","template":"","meta":[],"_links":{"self":[{"href":"https:\/\/tradeguard.nl\/de\/wp-json\/wp\/v2\/pages\/2491"}],"collection":[{"href":"https:\/\/tradeguard.nl\/de\/wp-json\/wp\/v2\/pages"}],"about":[{"href":"https:\/\/tradeguard.nl\/de\/wp-json\/wp\/v2\/types\/page"}],"author":[{"embeddable":true,"href":"https:\/\/tradeguard.nl\/de\/wp-json\/wp\/v2\/users\/5"}],"replies":[{"embeddable":true,"href":"https:\/\/tradeguard.nl\/de\/wp-json\/wp\/v2\/comments?post=2491"}],"version-history":[{"count":4,"href":"https:\/\/tradeguard.nl\/de\/wp-json\/wp\/v2\/pages\/2491\/revisions"}],"predecessor-version":[{"id":2855,"href":"https:\/\/tradeguard.nl\/de\/wp-json\/wp\/v2\/pages\/2491\/revisions\/2855"}],"wp:attachment":[{"href":"https:\/\/tradeguard.nl\/de\/wp-json\/wp\/v2\/media?parent=2491"}],"curies":[{"name":"wp","href":"https:\/\/api.w.org\/{rel}","templated":true}]}}