{"id":2485,"date":"2013-12-11T17:06:02","date_gmt":"2013-12-11T17:06:02","guid":{"rendered":"http:\/\/tradeguard.nl\/?page_id=2485"},"modified":"2020-12-09T12:19:11","modified_gmt":"2020-12-09T12:19:11","slug":"fokus","status":"publish","type":"page","link":"https:\/\/tradeguard.nl\/de\/fokus\/","title":{"rendered":"Fokus"},"content":{"rendered":"<div id='layer_slider_1'  class='avia-layerslider main_color avia-shadow  avia-builder-el-0  el_before_av_three_fourth  avia-builder-el-first  container_wrap sidebar_right' style='  height: 471px;' ><\/div><div id='after_layer_slider_1'  class='main_color av_default_container_wrap container_wrap sidebar_right' style=' '  ><div class='container' ><div class='template-page content  av-content-small alpha units'><div class='post-entry post-entry-type-page post-entry-2485'><div class='entry-content-wrapper clearfix'>\n<div class=\"flex_column av_three_fourth  flex_column_div first  avia-builder-el-1  el_after_av_layerslider  avia-builder-el-no-sibling  \" ><section class=\"av_textblock_section \"  itemscope=\"itemscope\" itemtype=\"https:\/\/schema.org\/CreativeWork\" ><div class='avia_textblock  '   itemprop=\"text\" ><h3><span style=\"color: #cd5f27;\">TRADE GUARD ist der zuverl\u00e4ssige Partner f\u00fcr Retail Rotation<\/span><\/h3>\n<p>Bei Trade Guard konzentrieren wir uns darauf, die Verkaufsvolumen \/ Absatzm\u00e4rkte unserer Kunden zu vergr\u00f6\u00dfern. Dabei bieten wir unseren Kunden Transparenz hinsichtlich ihrer Sendungen, indem wir jede Lieferung mit einem System zur Sendungsverfolgung (Track\u00a0&amp;\u00a0Trace) ausstatten. Diese Daten bilden die Grundlage f\u00fcr eine zuverl\u00e4ssige Planung und Kontrolle.<\/p>\n<\/div><\/section><\/div>\n","protected":false},"excerpt":{"rendered":"","protected":false},"author":5,"featured_media":0,"parent":0,"menu_order":0,"comment_status":"closed","ping_status":"closed","template":"","meta":[],"_links":{"self":[{"href":"https:\/\/tradeguard.nl\/de\/wp-json\/wp\/v2\/pages\/2485"}],"collection":[{"href":"https:\/\/tradeguard.nl\/de\/wp-json\/wp\/v2\/pages"}],"about":[{"href":"https:\/\/tradeguard.nl\/de\/wp-json\/wp\/v2\/types\/page"}],"author":[{"embeddable":true,"href":"https:\/\/tradeguard.nl\/de\/wp-json\/wp\/v2\/users\/5"}],"replies":[{"embeddable":true,"href":"https:\/\/tradeguard.nl\/de\/wp-json\/wp\/v2\/comments?post=2485"}],"version-history":[{"count":4,"href":"https:\/\/tradeguard.nl\/de\/wp-json\/wp\/v2\/pages\/2485\/revisions"}],"predecessor-version":[{"id":2796,"href":"https:\/\/tradeguard.nl\/de\/wp-json\/wp\/v2\/pages\/2485\/revisions\/2796"}],"wp:attachment":[{"href":"https:\/\/tradeguard.nl\/de\/wp-json\/wp\/v2\/media?parent=2485"}],"curies":[{"name":"wp","href":"https:\/\/api.w.org\/{rel}","templated":true}]}}